{"id":2,"date":"2017-02-01T13:13:46","date_gmt":"2017-02-01T13:13:46","guid":{"rendered":"http:\/\/themes.muffingroup.com\/betheme\/?page_id=2"},"modified":"2023-08-22T20:43:33","modified_gmt":"2023-08-22T20:43:33","slug":"aluguel-de-poneis-e-animais-para-festas-infantis","status":"publish","type":"page","link":"https:\/\/poneiamigo.com.br\/site\/","title":{"rendered":"Home"},"content":{"rendered":"","protected":false},"excerpt":{"rendered":"","protected":false},"author":1,"featured_media":0,"parent":0,"menu_order":0,"comment_status":"closed","ping_status":"open","template":"","meta":{"footnotes":""},"class_list":["post-2","page","type-page","status-publish","hentry"],"yoast_head":"<!-- This site is optimized with the Yoast SEO plugin v23.6 - https:\/\/yoast.com\/wordpress\/plugins\/seo\/ -->\n<title>P\u00f4nei Amigo &amp; a Bicharada<\/title>\n<meta name=\"description\" content=\"Uma verdadeira festa. P\u00f4neis e animais na sua casa, s\u00edtio, escola, clube e outros. Aproveite e conhe\u00e7a os bichanos mais legais.\" \/>\n<meta name=\"robots\" content=\"index, follow, max-snippet:-1, max-image-preview:large, max-video-preview:-1\" \/>\n<link rel=\"canonical\" href=\"https:\/\/poneiamigo.com.br\/site\/\" \/>\n<meta property=\"og:locale\" content=\"pt_BR\" \/>\n<meta property=\"og:type\" content=\"article\" \/>\n<meta property=\"og:title\" content=\"P\u00f4nei Amigo &amp; a Bicharada\" \/>\n<meta property=\"og:description\" content=\"Uma verdadeira festa. P\u00f4neis e animais na sua casa, s\u00edtio, escola, clube e outros. Aproveite e conhe\u00e7a os bichanos mais legais.\" \/>\n<meta property=\"og:url\" content=\"https:\/\/poneiamigo.com.br\/site\/\" \/>\n<meta property=\"og:site_name\" content=\"P\u00f4nei Amigo &amp; a Bicharada\" \/>\n<meta property=\"article:publisher\" content=\"https:\/\/www.facebook.com\/poneiamigo\/\" \/>\n<meta property=\"article:modified_time\" content=\"2023-08-22T20:43:33+00:00\" \/>\n<meta property=\"og:image\" content=\"https:\/\/poneiamigo.com.br\/site\/wp-content\/uploads\/2015\/10\/logo.gif\" \/>\n\t<meta property=\"og:image:width\" content=\"192\" \/>\n\t<meta property=\"og:image:height\" content=\"150\" \/>\n\t<meta property=\"og:image:type\" content=\"image\/gif\" \/>\n<meta name=\"twitter:card\" content=\"summary_large_image\" \/>\n<meta name=\"twitter:image\" content=\"https:\/\/poneiamigo.com.br\/site\/wp-content\/uploads\/2015\/10\/loguinho.gif\" \/>\n<script type=\"application\/ld+json\" class=\"yoast-schema-graph\">{\"@context\":\"https:\/\/schema.org\",\"@graph\":[{\"@type\":\"WebPage\",\"@id\":\"https:\/\/poneiamigo.com.br\/site\/\",\"url\":\"https:\/\/poneiamigo.com.br\/site\/\",\"name\":\"P\u00f4nei Amigo &amp; a Bicharada\",\"isPartOf\":{\"@id\":\"https:\/\/poneiamigo.com.br\/site\/#website\"},\"datePublished\":\"2017-02-01T13:13:46+00:00\",\"dateModified\":\"2023-08-22T20:43:33+00:00\",\"description\":\"Uma verdadeira festa. P\u00f4neis e animais na sua casa, s\u00edtio, escola, clube e outros. Aproveite e conhe\u00e7a os bichanos mais legais.\",\"breadcrumb\":{\"@id\":\"https:\/\/poneiamigo.com.br\/site\/#breadcrumb\"},\"inLanguage\":\"pt-BR\",\"potentialAction\":[{\"@type\":\"ReadAction\",\"target\":[\"https:\/\/poneiamigo.com.br\/site\/\"]}]},{\"@type\":\"BreadcrumbList\",\"@id\":\"https:\/\/poneiamigo.com.br\/site\/#breadcrumb\",\"itemListElement\":[{\"@type\":\"ListItem\",\"position\":1,\"name\":\"In\u00edcio\",\"item\":\"https:\/\/poneiamigo.com.br\/site\/\"},{\"@type\":\"ListItem\",\"position\":2,\"name\":\"Home\"}]},{\"@type\":\"WebSite\",\"@id\":\"https:\/\/poneiamigo.com.br\/site\/#website\",\"url\":\"https:\/\/poneiamigo.com.br\/site\/\",\"name\":\"P\u00f4nei Amigo &amp; a Bicharada\",\"description\":\"P\u00f4nei Amigo &amp; a Bicharada\",\"publisher\":{\"@id\":\"https:\/\/poneiamigo.com.br\/site\/#organization\"},\"potentialAction\":[{\"@type\":\"SearchAction\",\"target\":{\"@type\":\"EntryPoint\",\"urlTemplate\":\"https:\/\/poneiamigo.com.br\/site\/?s={search_term_string}\"},\"query-input\":{\"@type\":\"PropertyValueSpecification\",\"valueRequired\":true,\"valueName\":\"search_term_string\"}}],\"inLanguage\":\"pt-BR\"},{\"@type\":\"Organization\",\"@id\":\"https:\/\/poneiamigo.com.br\/site\/#organization\",\"name\":\"P\u00f4nei Amigo & a Bicharada\",\"url\":\"https:\/\/poneiamigo.com.br\/site\/\",\"logo\":{\"@type\":\"ImageObject\",\"inLanguage\":\"pt-BR\",\"@id\":\"https:\/\/poneiamigo.com.br\/site\/#\/schema\/logo\/image\/\",\"url\":\"https:\/\/poneiamigo.com.br\/site\/wp-content\/uploads\/2015\/10\/logo.gif\",\"contentUrl\":\"https:\/\/poneiamigo.com.br\/site\/wp-content\/uploads\/2015\/10\/logo.gif\",\"width\":192,\"height\":150,\"caption\":\"P\u00f4nei Amigo & a Bicharada\"},\"image\":{\"@id\":\"https:\/\/poneiamigo.com.br\/site\/#\/schema\/logo\/image\/\"},\"sameAs\":[\"https:\/\/www.facebook.com\/poneiamigo\/\",\"https:\/\/www.instagram.com\/poneiamigo\/\"]}]}<\/script>\n<!-- \/ Yoast SEO plugin. -->","yoast_head_json":{"title":"P\u00f4nei Amigo &amp; a Bicharada","description":"Uma verdadeira festa. P\u00f4neis e animais na sua casa, s\u00edtio, escola, clube e outros. Aproveite e conhe\u00e7a os bichanos mais legais.","robots":{"index":"index","follow":"follow","max-snippet":"max-snippet:-1","max-image-preview":"max-image-preview:large","max-video-preview":"max-video-preview:-1"},"canonical":"https:\/\/poneiamigo.com.br\/site\/","og_locale":"pt_BR","og_type":"article","og_title":"P\u00f4nei Amigo &amp; a Bicharada","og_description":"Uma verdadeira festa. P\u00f4neis e animais na sua casa, s\u00edtio, escola, clube e outros. Aproveite e conhe\u00e7a os bichanos mais legais.","og_url":"https:\/\/poneiamigo.com.br\/site\/","og_site_name":"P\u00f4nei Amigo &amp; a Bicharada","article_publisher":"https:\/\/www.facebook.com\/poneiamigo\/","article_modified_time":"2023-08-22T20:43:33+00:00","og_image":[{"width":192,"height":150,"url":"https:\/\/poneiamigo.com.br\/site\/wp-content\/uploads\/2015\/10\/logo.gif","type":"image\/gif"}],"twitter_card":"summary_large_image","twitter_image":"https:\/\/poneiamigo.com.br\/site\/wp-content\/uploads\/2015\/10\/loguinho.gif","schema":{"@context":"https:\/\/schema.org","@graph":[{"@type":"WebPage","@id":"https:\/\/poneiamigo.com.br\/site\/","url":"https:\/\/poneiamigo.com.br\/site\/","name":"P\u00f4nei Amigo &amp; a Bicharada","isPartOf":{"@id":"https:\/\/poneiamigo.com.br\/site\/#website"},"datePublished":"2017-02-01T13:13:46+00:00","dateModified":"2023-08-22T20:43:33+00:00","description":"Uma verdadeira festa. P\u00f4neis e animais na sua casa, s\u00edtio, escola, clube e outros. Aproveite e conhe\u00e7a os bichanos mais legais.","breadcrumb":{"@id":"https:\/\/poneiamigo.com.br\/site\/#breadcrumb"},"inLanguage":"pt-BR","potentialAction":[{"@type":"ReadAction","target":["https:\/\/poneiamigo.com.br\/site\/"]}]},{"@type":"BreadcrumbList","@id":"https:\/\/poneiamigo.com.br\/site\/#breadcrumb","itemListElement":[{"@type":"ListItem","position":1,"name":"In\u00edcio","item":"https:\/\/poneiamigo.com.br\/site\/"},{"@type":"ListItem","position":2,"name":"Home"}]},{"@type":"WebSite","@id":"https:\/\/poneiamigo.com.br\/site\/#website","url":"https:\/\/poneiamigo.com.br\/site\/","name":"P\u00f4nei Amigo &amp; a Bicharada","description":"P\u00f4nei Amigo &amp; a Bicharada","publisher":{"@id":"https:\/\/poneiamigo.com.br\/site\/#organization"},"potentialAction":[{"@type":"SearchAction","target":{"@type":"EntryPoint","urlTemplate":"https:\/\/poneiamigo.com.br\/site\/?s={search_term_string}"},"query-input":{"@type":"PropertyValueSpecification","valueRequired":true,"valueName":"search_term_string"}}],"inLanguage":"pt-BR"},{"@type":"Organization","@id":"https:\/\/poneiamigo.com.br\/site\/#organization","name":"P\u00f4nei Amigo & a Bicharada","url":"https:\/\/poneiamigo.com.br\/site\/","logo":{"@type":"ImageObject","inLanguage":"pt-BR","@id":"https:\/\/poneiamigo.com.br\/site\/#\/schema\/logo\/image\/","url":"https:\/\/poneiamigo.com.br\/site\/wp-content\/uploads\/2015\/10\/logo.gif","contentUrl":"https:\/\/poneiamigo.com.br\/site\/wp-content\/uploads\/2015\/10\/logo.gif","width":192,"height":150,"caption":"P\u00f4nei Amigo & a Bicharada"},"image":{"@id":"https:\/\/poneiamigo.com.br\/site\/#\/schema\/logo\/image\/"},"sameAs":["https:\/\/www.facebook.com\/poneiamigo\/","https:\/\/www.instagram.com\/poneiamigo\/"]}]}},"_links":{"self":[{"href":"https:\/\/poneiamigo.com.br\/site\/wp-json\/wp\/v2\/pages\/2"}],"collection":[{"href":"https:\/\/poneiamigo.com.br\/site\/wp-json\/wp\/v2\/pages"}],"about":[{"href":"https:\/\/poneiamigo.com.br\/site\/wp-json\/wp\/v2\/types\/page"}],"author":[{"embeddable":true,"href":"https:\/\/poneiamigo.com.br\/site\/wp-json\/wp\/v2\/users\/1"}],"replies":[{"embeddable":true,"href":"https:\/\/poneiamigo.com.br\/site\/wp-json\/wp\/v2\/comments?post=2"}],"version-history":[{"count":1,"href":"https:\/\/poneiamigo.com.br\/site\/wp-json\/wp\/v2\/pages\/2\/revisions"}],"predecessor-version":[{"id":388,"href":"https:\/\/poneiamigo.com.br\/site\/wp-json\/wp\/v2\/pages\/2\/revisions\/388"}],"wp:attachment":[{"href":"https:\/\/poneiamigo.com.br\/site\/wp-json\/wp\/v2\/media?parent=2"}],"curies":[{"name":"wp","href":"https:\/\/api.w.org\/{rel}","templated":true}]}}